{"id":813,"date":"2018-01-13T18:35:16","date_gmt":"2018-01-13T17:35:16","guid":{"rendered":"http:\/\/deine-ernaehrung.de\/ausbildung\/?page_id=813"},"modified":"2025-02-16T17:05:26","modified_gmt":"2025-02-16T16:05:26","slug":"infobroschuere-anfordern","status":"publish","type":"page","link":"https:\/\/deine-ernaehrung.de\/ausbildung\/infobroschuere-anfordern\/","title":{"rendered":"Infobrosch\u00fcre anfordern"},"content":{"rendered":"<p>[et_pb_section fb_built=&#8220;1&#8243; _builder_version=&#8220;4.19.4&#8243; use_background_color_gradient=&#8220;on&#8220; background_color_gradient_stops=&#8220;rgba(0,0,0,0.3) 1%|rgba(0,0,0,0) 100%&#8220; background_image=&#8220;https:\/\/deine-ernaehrung.de\/ausbildung\/wp-content\/uploads\/2023\/04\/Consultation-Background-scaled.jpg&#8220; background_blend=&#8220;multiply&#8220; custom_margin=&#8220;|||&#8220; custom_padding=&#8220;100px||200px|||&#8220; animation_style=&#8220;slide&#8220; animation_direction=&#8220;top&#8220; animation_intensity_slide=&#8220;1%&#8220; animation_starting_opacity=&#8220;100%&#8220; global_colors_info=&#8220;{}&#8220;][et_pb_row _builder_version=&#8220;4.27.4&#8243; max_width=&#8220;1231px&#8220; custom_margin=&#8220;-30px|||&#8220; custom_padding=&#8220;0px|||&#8220; hover_enabled=&#8220;0&#8243; use_custom_width=&#8220;on&#8220; custom_width_px=&#8220;1231px&#8220; global_colors_info=&#8220;{}&#8220; custom_margin_last_edited=&#8220;on|phone&#8220; custom_margin_phone=&#8220;-30px||0px||false|false&#8220; custom_padding_last_edited=&#8220;on|phone&#8220; custom_padding_phone=&#8220;||0px||false|false&#8220; sticky_enabled=&#8220;0&#8243; custom_margin_tablet=&#8220;-30px|||&#8220; custom_padding_tablet=&#8220;0px|||&#8220;][et_pb_column type=&#8220;4_4&#8243; _builder_version=&#8220;4.16&#8243; custom_padding=&#8220;|||&#8220; global_colors_info=&#8220;{}&#8220; custom_padding__hover=&#8220;|||&#8220;][et_pb_text _builder_version=&#8220;4.19.4&#8243; text_font=&#8220;circe||||||||&#8220; text_font_size=&#8220;55px&#8220; text_line_height=&#8220;1em&#8220; text_orientation=&#8220;center&#8220; background_layout=&#8220;dark&#8220; custom_margin=&#8220;||8px|&#8220; custom_margin_tablet=&#8220;&#8220; custom_margin_phone=&#8220;&#8220; custom_margin_last_edited=&#8220;on|phone&#8220; text_font_size_tablet=&#8220;45px&#8220; text_font_size_phone=&#8220;27px&#8220; text_font_size_last_edited=&#8220;on|phone&#8220; global_colors_info=&#8220;{}&#8220;]<\/p>\n<p>Infobrosch\u00fcre &amp; Newsletter:<\/p>\n<p>[\/et_pb_text][et_pb_text _builder_version=&#8220;4.19.4&#8243; text_font=&#8220;Source Sans Pro||||||||&#8220; text_font_size=&#8220;25px&#8220; text_line_height=&#8220;1em&#8220; text_orientation=&#8220;center&#8220; background_layout=&#8220;dark&#8220; custom_margin=&#8220;||8px|&#8220; custom_margin_tablet=&#8220;&#8220; custom_margin_phone=&#8220;&#8220; custom_margin_last_edited=&#8220;on|phone&#8220; text_font_size_tablet=&#8220;26px&#8220; text_font_size_phone=&#8220;19px&#8220; text_font_size_last_edited=&#8220;on|phone&#8220; global_colors_info=&#8220;{}&#8220;]<\/p>\n<p>Fordere hier Deine Infobrosch\u00fcre an und erhalte weitere Informationen zur Ausbildung per E-Mail.<\/p>\n<p>[\/et_pb_text][\/et_pb_column][\/et_pb_row][et_pb_row disabled_on=&#8220;off|off|off&#8220; _builder_version=&#8220;4.27.4&#8243; max_width=&#8220;1084px&#8220; custom_margin=&#8220;||70px|&#8220; custom_padding=&#8220;|||&#8220; hover_enabled=&#8220;0&#8243; use_custom_width=&#8220;on&#8220; custom_width_px=&#8220;1084px&#8220; global_colors_info=&#8220;{}&#8220; sticky_enabled=&#8220;0&#8243; width_last_edited=&#8220;on|phone&#8220; width_tablet=&#8220;90%&#8220; width_phone=&#8220;90%&#8220;][et_pb_column type=&#8220;4_4&#8243; _builder_version=&#8220;4.19.4&#8243; background_color=&#8220;#ffffff&#8220; custom_padding=&#8220;50px|50px|50px|50px&#8220; custom_css_main_element=&#8220;border-radius: 5px;||&#8220; global_colors_info=&#8220;{}&#8220; custom_padding__hover=&#8220;|||&#8220;][et_pb_text disabled_on=&#8220;on|on|on&#8220; _builder_version=&#8220;4.27.4&#8243; text_font=&#8220;circe||||||||&#8220; text_text_color=&#8220;#000000&#8243; text_font_size=&#8220;38px&#8220; text_line_height=&#8220;1em&#8220; header_font=&#8220;||||||||&#8220; background_layout=&#8220;dark&#8220; custom_margin=&#8220;||8px|&#8220; custom_margin_tablet=&#8220;&#8220; custom_margin_phone=&#8220;&#8220; custom_margin_last_edited=&#8220;on|phone&#8220; text_font_size_tablet=&#8220;35px&#8220; text_font_size_phone=&#8220;23px&#8220; text_font_size_last_edited=&#8220;on|phone&#8220; disabled=&#8220;on&#8220; global_colors_info=&#8220;{}&#8220;]<\/p>\n<p>Als PDF Download:<\/p>\n<p>[\/et_pb_text][et_pb_image src=&#8220;https:\/\/deine-ernaehrung.de\/ausbildung\/wp-content\/uploads\/2023\/04\/Infobroschuere-Mockup-02.jpg&#8220; title_text=&#8220;Infobroschu\u0308re-Mockup-02&#8243; _builder_version=&#8220;4.27.4&#8243; _module_preset=&#8220;default&#8220; transform_scale=&#8220;109%|109%&#8220; custom_margin=&#8220;||-31px||false|false&#8220; hover_enabled=&#8220;0&#8243; global_colors_info=&#8220;{}&#8220; transform_styles_last_edited=&#8220;on|phone&#8220; transform_scale_last_edited=&#8220;on|phone&#8220; transform_translate_last_edited=&#8220;on|phone&#8220; transform_rotate_last_edited=&#8220;on|phone&#8220; transform_skew_last_edited=&#8220;on|phone&#8220; transform_origin_last_edited=&#8220;on|phone&#8220; sticky_enabled=&#8220;0&#8243; transform_scale_phone=&#8220;123%|123%&#8220; custom_margin_last_edited=&#8220;on|phone&#8220; custom_margin_phone=&#8220;||-5px||false|false&#8220; transform_scale_tablet=&#8220;109%|109%&#8220; custom_margin_tablet=&#8220;||-31px||false|false&#8220;][\/et_pb_image][et_pb_button button_text=&#8220;Infobrosch\u00fcre downloaden!&#8220; button_alignment=&#8220;center&#8220; module_class=&#8220;ausbildungpopup&#8220; _builder_version=&#8220;4.27.4&#8243; custom_button=&#8220;on&#8220; button_text_size=&#8220;23px&#8220; button_text_color=&#8220;#ffffff&#8220; button_bg_color=&#8220;#8f80a3&#8243; button_border_color=&#8220;#8f80a3&#8243; button_font=&#8220;||||||||&#8220; button_icon=&#8220;&#xe01a;||divi||400&#8243; button_icon_color=&#8220;#FFFFFF&#8220; button_on_hover=&#8220;off&#8220; transform_translate_linked__hover=&#8220;off&#8220; custom_margin=&#8220;30px||50px||false|false&#8220; hover_enabled=&#8220;0&#8243; button_text_color_hover=&#8220;#8f80a3&#8243; button_border_color_hover=&#8220;#8f80a3&#8243; button_bg_color_hover=&#8220;rgba(255,35,145,0)&#8220; global_colors_info=&#8220;{}&#8220; button_text_size__hover_enabled=&#8220;off&#8220; button_one_text_size__hover_enabled=&#8220;off&#8220; button_two_text_size__hover_enabled=&#8220;off&#8220; button_text_color__hover_enabled=&#8220;on|hover&#8220; button_text_color__hover=&#8220;#FFFFFF&#8220; button_one_text_color__hover_enabled=&#8220;off&#8220; button_two_text_color__hover_enabled=&#8220;off&#8220; button_border_width__hover_enabled=&#8220;off&#8220; button_one_border_width__hover_enabled=&#8220;off&#8220; button_two_border_width__hover_enabled=&#8220;off&#8220; button_border_color__hover_enabled=&#8220;on&#8220; button_border_color__hover=&#8220;#8f80a3&#8243; button_one_border_color__hover_enabled=&#8220;off&#8220; button_two_border_color__hover_enabled=&#8220;off&#8220; button_border_radius__hover_enabled=&#8220;off&#8220; button_one_border_radius__hover_enabled=&#8220;off&#8220; button_two_border_radius__hover_enabled=&#8220;off&#8220; button_letter_spacing__hover_enabled=&#8220;off&#8220; button_one_letter_spacing__hover_enabled=&#8220;off&#8220; button_two_letter_spacing__hover_enabled=&#8220;off&#8220; button_bg_color__hover_enabled=&#8220;on&#8220; button_bg_color__hover=&#8220;#8f80a3&#8243; button_one_bg_color__hover_enabled=&#8220;off&#8220; button_two_bg_color__hover_enabled=&#8220;off&#8220; button_bg_enable_color__hover=&#8220;on&#8220; transform_styles__hover_enabled=&#8220;on|hover&#8220; transform_scale__hover_enabled=&#8220;on|desktop&#8220; transform_translate__hover_enabled=&#8220;on|hover&#8220; transform_rotate__hover_enabled=&#8220;on|desktop&#8220; transform_skew__hover_enabled=&#8220;on|desktop&#8220; transform_origin__hover_enabled=&#8220;on|desktop&#8220; transform_translate__hover=&#8220;0px|-3px&#8220; custom_margin_last_edited=&#8220;on|phone&#8220; sticky_enabled=&#8220;0&#8243; custom_margin_tablet=&#8220;||33px||false|false&#8220; custom_margin_phone=&#8220;||10px||false|false&#8220;][\/et_pb_button][et_pb_button _builder_version=&#8220;4.16&#8243; global_colors_info=&#8220;{}&#8220; button_text_size__hover_enabled=&#8220;off&#8220; button_one_text_size__hover_enabled=&#8220;off&#8220; button_two_text_size__hover_enabled=&#8220;off&#8220; button_text_color__hover_enabled=&#8220;off&#8220; button_one_text_color__hover_enabled=&#8220;off&#8220; button_two_text_color__hover_enabled=&#8220;off&#8220; button_border_width__hover_enabled=&#8220;off&#8220; button_one_border_width__hover_enabled=&#8220;off&#8220; button_two_border_width__hover_enabled=&#8220;off&#8220; button_border_color__hover_enabled=&#8220;off&#8220; button_one_border_color__hover_enabled=&#8220;off&#8220; button_two_border_color__hover_enabled=&#8220;off&#8220; button_border_radius__hover_enabled=&#8220;off&#8220; button_one_border_radius__hover_enabled=&#8220;off&#8220; button_two_border_radius__hover_enabled=&#8220;off&#8220; button_letter_spacing__hover_enabled=&#8220;off&#8220; button_one_letter_spacing__hover_enabled=&#8220;off&#8220; button_two_letter_spacing__hover_enabled=&#8220;off&#8220; button_bg_color__hover_enabled=&#8220;off&#8220; button_one_bg_color__hover_enabled=&#8220;off&#8220; button_two_bg_color__hover_enabled=&#8220;off&#8220;][\/et_pb_button][\/et_pb_column][\/et_pb_row][\/et_pb_section][et_pb_section fb_built=&#8220;1&#8243; disabled_on=&#8220;on|on|on&#8220; _builder_version=&#8220;4.27.4&#8243; use_background_color_gradient=&#8220;on&#8220; background_color_gradient_stops=&#8220;rgba(0,0,0,0.3) 1%|rgba(0,0,0,0) 100%&#8220; background_image=&#8220;https:\/\/deine-ernaehrung.de\/ausbildung\/wp-content\/uploads\/2023\/04\/Consultation-Background-scaled.jpg&#8220; background_blend=&#8220;multiply&#8220; custom_margin=&#8220;|||&#8220; custom_padding=&#8220;100px||200px|||&#8220; animation_style=&#8220;slide&#8220; animation_direction=&#8220;top&#8220; animation_intensity_slide=&#8220;1%&#8220; animation_starting_opacity=&#8220;100%&#8220; disabled=&#8220;on&#8220; global_colors_info=&#8220;{}&#8220;][et_pb_row _builder_version=&#8220;4.16&#8243; max_width=&#8220;1231px&#8220; custom_margin=&#8220;-30px|||&#8220; custom_padding=&#8220;0px|||&#8220; use_custom_width=&#8220;on&#8220; custom_width_px=&#8220;1231px&#8220; global_colors_info=&#8220;{}&#8220;][et_pb_column type=&#8220;4_4&#8243; _builder_version=&#8220;4.16&#8243; custom_padding=&#8220;|||&#8220; global_colors_info=&#8220;{}&#8220; custom_padding__hover=&#8220;|||&#8220;][et_pb_text _builder_version=&#8220;4.19.4&#8243; text_font=&#8220;circe||||||||&#8220; text_font_size=&#8220;55px&#8220; text_line_height=&#8220;1em&#8220; text_orientation=&#8220;center&#8220; background_layout=&#8220;dark&#8220; custom_margin=&#8220;||8px|&#8220; custom_margin_tablet=&#8220;&#8220; custom_margin_phone=&#8220;&#8220; custom_margin_last_edited=&#8220;on|phone&#8220; text_font_size_tablet=&#8220;45px&#8220; text_font_size_phone=&#8220;27px&#8220; text_font_size_last_edited=&#8220;on|phone&#8220; global_colors_info=&#8220;{}&#8220;]<\/p>\n<p>Infobrosch\u00fcre &amp; Newsletter:<\/p>\n<p>[\/et_pb_text][et_pb_text _builder_version=&#8220;4.19.4&#8243; text_font=&#8220;Source Sans Pro||||||||&#8220; text_font_size=&#8220;25px&#8220; text_line_height=&#8220;1em&#8220; text_orientation=&#8220;center&#8220; background_layout=&#8220;dark&#8220; custom_margin=&#8220;||8px|&#8220; custom_margin_tablet=&#8220;&#8220; custom_margin_phone=&#8220;&#8220; custom_margin_last_edited=&#8220;on|phone&#8220; text_font_size_tablet=&#8220;26px&#8220; text_font_size_phone=&#8220;19px&#8220; text_font_size_last_edited=&#8220;on|phone&#8220; global_colors_info=&#8220;{}&#8220;]<\/p>\n<p>Fordere hier Deine Infobrosch\u00fcre an und erhalte weitere Informationen zur Ausbildung per E-Mail.<\/p>\n<p>[\/et_pb_text][\/et_pb_column][\/et_pb_row][et_pb_row column_structure=&#8220;2_5,3_5&#8243; disabled_on=&#8220;on|on|off&#8220; _builder_version=&#8220;4.27.4&#8243; max_width=&#8220;1084px&#8220; custom_margin=&#8220;||70px|&#8220; custom_padding=&#8220;|||&#8220; hover_enabled=&#8220;0&#8243; use_custom_width=&#8220;on&#8220; custom_width_px=&#8220;1084px&#8220; global_colors_info=&#8220;{}&#8220; sticky_enabled=&#8220;0&#8243;][et_pb_column type=&#8220;2_5&#8243; _builder_version=&#8220;4.19.4&#8243; background_color=&#8220;#ffffff&#8220; custom_padding=&#8220;50px|50px|50px|50px&#8220; custom_css_main_element=&#8220;border-radius: 5px;||&#8220; global_colors_info=&#8220;{}&#8220; custom_padding__hover=&#8220;|||&#8220;][et_pb_text _builder_version=&#8220;4.21.0&#8243; text_font=&#8220;circe||||||||&#8220; text_text_color=&#8220;#000000&#8243; text_font_size=&#8220;38px&#8220; text_line_height=&#8220;1em&#8220; header_font=&#8220;||||||||&#8220; background_layout=&#8220;dark&#8220; custom_margin=&#8220;||8px|&#8220; custom_margin_tablet=&#8220;&#8220; custom_margin_phone=&#8220;&#8220; custom_margin_last_edited=&#8220;on|phone&#8220; text_font_size_tablet=&#8220;35px&#8220; text_font_size_phone=&#8220;23px&#8220; text_font_size_last_edited=&#8220;on|phone&#8220; global_colors_info=&#8220;{}&#8220;]<\/p>\n<p>Als PDF Download:<\/p>\n<p>[\/et_pb_text][et_pb_image src=&#8220;https:\/\/deine-ernaehrung.de\/ausbildung\/wp-content\/uploads\/2023\/04\/Infobroschuere-Mockup-02.jpg&#8220; title_text=&#8220;Infobroschu\u0308re-Mockup-02&#8243; _builder_version=&#8220;4.19.4&#8243; _module_preset=&#8220;default&#8220; transform_scale=&#8220;118%|118%&#8220; global_colors_info=&#8220;{}&#8220;][\/et_pb_image][et_pb_button button_text=&#8220;Infobrosch\u00fcre anfordern!&#8220; module_class=&#8220;ausbildungpopup&#8220; _builder_version=&#8220;4.19.4&#8243; custom_button=&#8220;on&#8220; button_text_color=&#8220;#ffffff&#8220; button_bg_color=&#8220;#8f80a3&#8243; button_border_color=&#8220;#8f80a3&#8243; button_font=&#8220;||||||||&#8220; button_icon=&#8220;&#xe01a;||divi||400&#8243; button_icon_color=&#8220;#FFFFFF&#8220; button_on_hover=&#8220;off&#8220; transform_translate_linked__hover=&#8220;off&#8220; custom_margin=&#8220;30px|||&#8220; button_text_color_hover=&#8220;#8f80a3&#8243; button_border_color_hover=&#8220;#8f80a3&#8243; button_bg_color_hover=&#8220;rgba(255,35,145,0)&#8220; global_colors_info=&#8220;{}&#8220; button_text_size__hover_enabled=&#8220;off&#8220; button_one_text_size__hover_enabled=&#8220;off&#8220; button_two_text_size__hover_enabled=&#8220;off&#8220; button_text_color__hover_enabled=&#8220;on|hover&#8220; button_text_color__hover=&#8220;#FFFFFF&#8220; button_one_text_color__hover_enabled=&#8220;off&#8220; button_two_text_color__hover_enabled=&#8220;off&#8220; button_border_width__hover_enabled=&#8220;off&#8220; button_one_border_width__hover_enabled=&#8220;off&#8220; button_two_border_width__hover_enabled=&#8220;off&#8220; button_border_color__hover_enabled=&#8220;on&#8220; button_border_color__hover=&#8220;#8f80a3&#8243; button_one_border_color__hover_enabled=&#8220;off&#8220; button_two_border_color__hover_enabled=&#8220;off&#8220; button_border_radius__hover_enabled=&#8220;off&#8220; button_one_border_radius__hover_enabled=&#8220;off&#8220; button_two_border_radius__hover_enabled=&#8220;off&#8220; button_letter_spacing__hover_enabled=&#8220;off&#8220; button_one_letter_spacing__hover_enabled=&#8220;off&#8220; button_two_letter_spacing__hover_enabled=&#8220;off&#8220; button_bg_color__hover_enabled=&#8220;on&#8220; button_bg_color__hover=&#8220;#8f80a3&#8243; button_one_bg_color__hover_enabled=&#8220;off&#8220; button_two_bg_color__hover_enabled=&#8220;off&#8220; button_bg_enable_color__hover=&#8220;on&#8220; transform_styles__hover_enabled=&#8220;on|hover&#8220; transform_scale__hover_enabled=&#8220;on|desktop&#8220; transform_translate__hover_enabled=&#8220;on|hover&#8220; transform_rotate__hover_enabled=&#8220;on|desktop&#8220; transform_skew__hover_enabled=&#8220;on|desktop&#8220; transform_origin__hover_enabled=&#8220;on|desktop&#8220; transform_translate__hover=&#8220;0px|-3px&#8220;][\/et_pb_button][et_pb_button _builder_version=&#8220;4.16&#8243; global_colors_info=&#8220;{}&#8220; button_text_size__hover_enabled=&#8220;off&#8220; button_one_text_size__hover_enabled=&#8220;off&#8220; button_two_text_size__hover_enabled=&#8220;off&#8220; button_text_color__hover_enabled=&#8220;off&#8220; button_one_text_color__hover_enabled=&#8220;off&#8220; button_two_text_color__hover_enabled=&#8220;off&#8220; button_border_width__hover_enabled=&#8220;off&#8220; button_one_border_width__hover_enabled=&#8220;off&#8220; button_two_border_width__hover_enabled=&#8220;off&#8220; button_border_color__hover_enabled=&#8220;off&#8220; button_one_border_color__hover_enabled=&#8220;off&#8220; button_two_border_color__hover_enabled=&#8220;off&#8220; button_border_radius__hover_enabled=&#8220;off&#8220; button_one_border_radius__hover_enabled=&#8220;off&#8220; button_two_border_radius__hover_enabled=&#8220;off&#8220; button_letter_spacing__hover_enabled=&#8220;off&#8220; button_one_letter_spacing__hover_enabled=&#8220;off&#8220; button_two_letter_spacing__hover_enabled=&#8220;off&#8220; button_bg_color__hover_enabled=&#8220;off&#8220; button_one_bg_color__hover_enabled=&#8220;off&#8220; button_two_bg_color__hover_enabled=&#8220;off&#8220;][\/et_pb_button][\/et_pb_column][et_pb_column type=&#8220;3_5&#8243; _builder_version=&#8220;4.19.4&#8243; background_color=&#8220;#ffffff&#8220; custom_padding=&#8220;50px|50px|50px|50px&#8220; custom_css_main_element=&#8220;border-radius: 5px;||&#8220; global_colors_info=&#8220;{}&#8220; custom_padding__hover=&#8220;|||&#8220;][et_pb_text _builder_version=&#8220;4.16&#8243; text_font=&#8220;circe||||||||&#8220; text_text_color=&#8220;#000000&#8243; text_font_size=&#8220;38px&#8220; text_line_height=&#8220;1em&#8220; header_font=&#8220;||||||||&#8220; background_layout=&#8220;dark&#8220; custom_margin=&#8220;||8px|&#8220; custom_margin_tablet=&#8220;&#8220; custom_margin_phone=&#8220;&#8220; custom_margin_last_edited=&#8220;on|phone&#8220; text_font_size_tablet=&#8220;35px&#8220; text_font_size_phone=&#8220;23px&#8220; text_font_size_last_edited=&#8220;on|phone&#8220; global_colors_info=&#8220;{}&#8220;]<\/p>\n<p>Per Post:<\/p>\n<p>[\/et_pb_text][et_pb_code admin_label=&#8220;Active Campaign Formular&#8220; _builder_version=&#8220;4.21.0&#8243; global_module=&#8220;865&#8243; saved_tabs=&#8220;all&#8220; global_colors_info=&#8220;{}&#8220;]<\/p>\n<div class=\"_form_21\"><\/div>\n<p><script src=\"https:\/\/jrgeneder.activehosted.com\/f\/embed.php?id=21\" type=\"text\/javascript\" charset=\"utf-8\"><\/script>[\/et_pb_code][\/et_pb_column][\/et_pb_row][et_pb_row column_structure=&#8220;1_3,2_3&#8243; disabled_on=&#8220;off|off|on&#8220; _builder_version=&#8220;4.16&#8243; width=&#8220;90%&#8220; max_width=&#8220;1084px&#8220; custom_margin=&#8220;||70px|&#8220; custom_padding=&#8220;|||&#8220; use_custom_width=&#8220;on&#8220; custom_width_px=&#8220;1084px&#8220; global_colors_info=&#8220;{}&#8220;][et_pb_column type=&#8220;1_3&#8243; _builder_version=&#8220;4.16&#8243; background_color=&#8220;rgba(255,255,255,0.93)&#8220; custom_padding=&#8220;50px|50px|50px|50px&#8220; custom_padding_tablet=&#8220;45px|40px|45px|40px|true|true&#8220; custom_padding_phone=&#8220;35px|30px|35px|30px|true|true&#8220; custom_padding_last_edited=&#8220;on|phone&#8220; custom_css_main_element=&#8220;border-radius: 5px;||&#8220; global_colors_info=&#8220;{}&#8220; custom_padding__hover=&#8220;|||&#8220;][et_pb_text _builder_version=&#8220;4.16&#8243; text_font=&#8220;circe||||||||&#8220; text_text_color=&#8220;#000000&#8243; text_font_size=&#8220;38px&#8220; text_line_height=&#8220;1em&#8220; header_font=&#8220;||||||||&#8220; background_layout=&#8220;dark&#8220; custom_margin=&#8220;||8px|&#8220; custom_margin_tablet=&#8220;&#8220; custom_margin_phone=&#8220;&#8220; custom_margin_last_edited=&#8220;on|phone&#8220; text_font_size_tablet=&#8220;35px&#8220; text_font_size_phone=&#8220;23px&#8220; text_font_size_last_edited=&#8220;on|phone&#8220; global_colors_info=&#8220;{}&#8220;]<\/p>\n<p>Als PDF Download:<\/p>\n<p>[\/et_pb_text][et_pb_button button_text=&#8220;Newsletter &#038; Infobrosch\u00fcre anfordern!&#8220; module_class=&#8220;ausbildungpopup&#8220; _builder_version=&#8220;4.16&#8243; custom_button=&#8220;on&#8220; button_text_color=&#8220;#8f80a3&#8243; button_border_color=&#8220;#8f80a3&#8243; button_font=&#8220;||||||||&#8220; button_icon_color=&#8220;#8f80a3&#8243; custom_margin=&#8220;30px|||&#8220; button_text_color_hover=&#8220;#8f80a3&#8243; button_border_color_hover=&#8220;#8f80a3&#8243; button_bg_color_hover=&#8220;rgba(255,35,145,0)&#8220; global_colors_info=&#8220;{}&#8220; button_text_size__hover_enabled=&#8220;off&#8220; button_one_text_size__hover_enabled=&#8220;off&#8220; button_two_text_size__hover_enabled=&#8220;off&#8220; button_text_color__hover_enabled=&#8220;on&#8220; button_text_color__hover=&#8220;#8f80a3&#8243; button_one_text_color__hover_enabled=&#8220;off&#8220; button_two_text_color__hover_enabled=&#8220;off&#8220; button_border_width__hover_enabled=&#8220;off&#8220; button_one_border_width__hover_enabled=&#8220;off&#8220; button_two_border_width__hover_enabled=&#8220;off&#8220; button_border_color__hover_enabled=&#8220;on&#8220; button_border_color__hover=&#8220;#8f80a3&#8243; button_one_border_color__hover_enabled=&#8220;off&#8220; button_two_border_color__hover_enabled=&#8220;off&#8220; button_border_radius__hover_enabled=&#8220;off&#8220; button_one_border_radius__hover_enabled=&#8220;off&#8220; button_two_border_radius__hover_enabled=&#8220;off&#8220; button_letter_spacing__hover_enabled=&#8220;off&#8220; button_one_letter_spacing__hover_enabled=&#8220;off&#8220; button_two_letter_spacing__hover_enabled=&#8220;off&#8220; button_bg_color__hover_enabled=&#8220;on&#8220; button_bg_color__hover=&#8220;rgba(255,35,145,0)&#8220; button_one_bg_color__hover_enabled=&#8220;off&#8220; button_two_bg_color__hover_enabled=&#8220;off&#8220;][\/et_pb_button][\/et_pb_column][et_pb_column type=&#8220;2_3&#8243; _builder_version=&#8220;4.16&#8243; background_color=&#8220;rgba(255,255,255,0.93)&#8220; custom_padding=&#8220;50px|50px|50px|50px&#8220; custom_padding_tablet=&#8220;45px|40px|45px|40px|true|true&#8220; custom_padding_phone=&#8220;35px|30px|35px|30px|true|true&#8220; custom_padding_last_edited=&#8220;on|phone&#8220; custom_css_main_element=&#8220;border-radius: 5px;||&#8220; global_colors_info=&#8220;{}&#8220; custom_padding__hover=&#8220;|||&#8220;][et_pb_text _builder_version=&#8220;4.16&#8243; text_font=&#8220;circe||||||||&#8220; text_text_color=&#8220;#000000&#8243; text_font_size=&#8220;38px&#8220; text_line_height=&#8220;1em&#8220; header_font=&#8220;||||||||&#8220; background_layout=&#8220;dark&#8220; custom_margin=&#8220;||8px|&#8220; custom_margin_tablet=&#8220;&#8220; custom_margin_phone=&#8220;&#8220; custom_margin_last_edited=&#8220;on|phone&#8220; text_font_size_tablet=&#8220;35px&#8220; text_font_size_phone=&#8220;23px&#8220; text_font_size_last_edited=&#8220;on|phone&#8220; global_colors_info=&#8220;{}&#8220;]<\/p>\n<p>Per Post:<\/p>\n<p>[\/et_pb_text][et_pb_code admin_label=&#8220;Active Campaign Formular&#8220; _builder_version=&#8220;4.21.0&#8243; global_module=&#8220;865&#8243; saved_tabs=&#8220;all&#8220; global_colors_info=&#8220;{}&#8220;]<\/p>\n<div class=\"_form_21\"><\/div>\n<p><script src=\"https:\/\/jrgeneder.activehosted.com\/f\/embed.php?id=21\" type=\"text\/javascript\" charset=\"utf-8\"><\/script>[\/et_pb_code][et_pb_button _builder_version=&#8220;4.16&#8243; global_colors_info=&#8220;{}&#8220; button_text_size__hover_enabled=&#8220;off&#8220; button_one_text_size__hover_enabled=&#8220;off&#8220; button_two_text_size__hover_enabled=&#8220;off&#8220; button_text_color__hover_enabled=&#8220;off&#8220; button_one_text_color__hover_enabled=&#8220;off&#8220; button_two_text_color__hover_enabled=&#8220;off&#8220; button_border_width__hover_enabled=&#8220;off&#8220; button_one_border_width__hover_enabled=&#8220;off&#8220; button_two_border_width__hover_enabled=&#8220;off&#8220; button_border_color__hover_enabled=&#8220;off&#8220; button_one_border_color__hover_enabled=&#8220;off&#8220; button_two_border_color__hover_enabled=&#8220;off&#8220; button_border_radius__hover_enabled=&#8220;off&#8220; button_one_border_radius__hover_enabled=&#8220;off&#8220; button_two_border_radius__hover_enabled=&#8220;off&#8220; button_letter_spacing__hover_enabled=&#8220;off&#8220; button_one_letter_spacing__hover_enabled=&#8220;off&#8220; button_two_letter_spacing__hover_enabled=&#8220;off&#8220; button_bg_color__hover_enabled=&#8220;off&#8220; button_one_bg_color__hover_enabled=&#8220;off&#8220; button_two_bg_color__hover_enabled=&#8220;off&#8220;][\/et_pb_button][\/et_pb_column][\/et_pb_row][\/et_pb_section]<\/p>\n<span class=\"et_bloom_bottom_trigger\"><\/span>","protected":false},"excerpt":{"rendered":"<p>Infobrosch\u00fcre &amp; Newsletter:Fordere hier Deine Infobrosch\u00fcre an und erhalte weitere Informationen zur Ausbildung per E-Mail.Als PDF Download:Infobrosch\u00fcre &amp; Newsletter:Fordere hier Deine Infobrosch\u00fcre an und erhalte weitere Informationen zur Ausbildung per E-Mail.Als PDF Download:Per Post:Als PDF Download:Per Post:<\/p>\n","protected":false},"author":1,"featured_media":0,"parent":0,"menu_order":0,"comment_status":"closed","ping_status":"closed","template":"","meta":{"_acf_changed":false,"_et_pb_use_builder":"on","_et_pb_old_content":"","_et_gb_content_width":"","footnotes":""},"class_list":["post-813","page","type-page","status-publish","hentry"],"acf":[],"jetpack_sharing_enabled":true,"_links":{"self":[{"href":"https:\/\/deine-ernaehrung.de\/ausbildung\/wp-json\/wp\/v2\/pages\/813","targetHints":{"allow":["GET"]}}],"collection":[{"href":"https:\/\/deine-ernaehrung.de\/ausbildung\/wp-json\/wp\/v2\/pages"}],"about":[{"href":"https:\/\/deine-ernaehrung.de\/ausbildung\/wp-json\/wp\/v2\/types\/page"}],"author":[{"embeddable":true,"href":"https:\/\/deine-ernaehrung.de\/ausbildung\/wp-json\/wp\/v2\/users\/1"}],"replies":[{"embeddable":true,"href":"https:\/\/deine-ernaehrung.de\/ausbildung\/wp-json\/wp\/v2\/comments?post=813"}],"version-history":[{"count":10,"href":"https:\/\/deine-ernaehrung.de\/ausbildung\/wp-json\/wp\/v2\/pages\/813\/revisions"}],"predecessor-version":[{"id":14366,"href":"https:\/\/deine-ernaehrung.de\/ausbildung\/wp-json\/wp\/v2\/pages\/813\/revisions\/14366"}],"wp:attachment":[{"href":"https:\/\/deine-ernaehrung.de\/ausbildung\/wp-json\/wp\/v2\/media?parent=813"}],"curies":[{"name":"wp","href":"https:\/\/api.w.org\/{rel}","templated":true}]}}