{"id":14530,"date":"2025-07-11T18:26:07","date_gmt":"2025-07-11T16:26:07","guid":{"rendered":"https:\/\/deine-ernaehrung.de\/ausbildung\/?page_id=14530"},"modified":"2025-07-11T18:41:17","modified_gmt":"2025-07-11T16:41:17","slug":"absolvent-25","status":"publish","type":"page","link":"https:\/\/deine-ernaehrung.de\/ausbildung\/absolvent-25\/","title":{"rendered":"Absolvent"},"content":{"rendered":"<p>[et_pb_section fb_built=&#8220;1&#8243; _builder_version=&#8220;4.16&#8243; custom_padding=&#8220;48px|0px|49px|0px|false|false&#8220; global_colors_info=&#8220;{}&#8220;][et_pb_row column_structure=&#8220;1_2,1_2&#8243; _builder_version=&#8220;4.16&#8243; max_width=&#8220;1280px&#8220; use_custom_width=&#8220;on&#8220; custom_width_px=&#8220;1280px&#8220; global_colors_info=&#8220;{}&#8220;][et_pb_column type=&#8220;1_2&#8243; _builder_version=&#8220;4.16&#8243; custom_padding=&#8220;|||&#8220; global_colors_info=&#8220;{}&#8220; custom_padding__hover=&#8220;|||&#8220;][et_pb_image src=&#8220;https:\/\/deine-ernaehrung.de\/ausbildung\/wp-content\/uploads\/2025\/06\/Carla.jpg&#8220; align_tablet=&#8220;center&#8220; align_phone=&#8220;&#8220; align_last_edited=&#8220;on|desktop&#8220; _builder_version=&#8220;4.27.4&#8243; hover_enabled=&#8220;0&#8243; border_radii=&#8220;on|3px|3px|3px|3px&#8220; global_colors_info=&#8220;{}&#8220; title_text=&#8220;Carla&#8220; sticky_enabled=&#8220;0&#8243;]&nbsp;<br \/>\n[\/et_pb_image][et_pb_text _builder_version=&#8220;4.16&#8243; text_font=&#8220;|300|on||||||&#8220; text_text_color=&#8220;#dd8da9&#8243; text_font_size=&#8220;29px&#8220; text_line_height=&#8220;1.1em&#8220; max_width=&#8220;550px&#8220; custom_padding=&#8220;10px|||&#8220; global_colors_info=&#8220;{}&#8220;]<\/p>\n<p>\u201eIn der Ausbildung geht es nicht nur um Ern\u00e4hrung, es geht um ein neues Bewusstsein f\u00fcr den eigenen K\u00f6rper, die eigene Gesundheit und Selbstverantwortung.\u201c<\/p>\n<p>[\/et_pb_text][\/et_pb_column][et_pb_column type=&#8220;1_2&#8243; _builder_version=&#8220;4.16&#8243; custom_padding=&#8220;|||&#8220; global_colors_info=&#8220;{}&#8220; custom_padding__hover=&#8220;|||&#8220;][et_pb_text _builder_version=&#8220;4.27.4&#8243; text_font=&#8220;||on||||||&#8220; text_text_color=&#8220;#dd8da9&#8243; text_font_size=&#8220;21px&#8220; custom_margin=&#8220;0px||0px|&#8220; hover_enabled=&#8220;0&#8243; global_colors_info=&#8220;{}&#8220; sticky_enabled=&#8220;0&#8243;]Carla<br \/>\n[\/et_pb_text][et_pb_text disabled_on=&#8220;off|off|off&#8220; _builder_version=&#8220;4.16&#8243; custom_margin=&#8220;||10px||false|false&#8220; global_colors_info=&#8220;{}&#8220;]<\/p>\n<h2>Ern\u00e4hrungsberaterin I Online-Coaching<\/h2>\n<p>[\/et_pb_text][et_pb_text _builder_version=&#8220;4.27.4&#8243; hover_enabled=&#8220;0&#8243; global_colors_info=&#8220;{}&#8220; sticky_enabled=&#8220;0&#8243;]<\/p>\n<p>Ich habe mich ganz bewusst f\u00fcr die Ausbildung zur Ern\u00e4hrungsberaterin bei Deine Ern\u00e4hrung entschieden, weil mir ein ganzheitlicher Ansatz besonders wichtig war.<\/p>\n<p>Was mich von Anfang an \u00fcberzeugt hat, war der Aufbau der Ausbildung: Die Inhalte waren klar strukturiert, gut verst\u00e4ndlich und praxisnah. Alles baute logisch aufeinander auf, und das Lernen f\u00fchlte sich dadurch sehr leicht an.<\/p>\n<p>Besonders hilfreich fand ich die Ringb\u00fccher, in denen ich auch heute noch regelm\u00e4\u00dfig nachschlage \u2013 f\u00fcr mein eigenes Verst\u00e4ndnis oder auch im Rahmen meines Coachings.<\/p>\n<p>Das vermittelte Wissen ist f\u00fcr mich so essenziell, dass ich mir w\u00fcnsche, es w\u00e4re Teil der Allgemeinbildung. Es geht nicht nur um Ern\u00e4hrung, es geht um ein neues Bewusstsein f\u00fcr den eigenen K\u00f6rper, die eigene Gesundheit und Selbstverantwortung. Themen, die in unserem Leben eigentlich an erster Stelle stehen sollten.<\/p>\n<p>Auch die M\u00f6glichkeit, Fragen im Ausbildungscampus direkt kl\u00e4ren zu k\u00f6nnen, war f\u00fcr mich sehr wertvoll. Ich habe mich jederzeit unterst\u00fctzt und gut begleitet gef\u00fchlt.<\/p>\n<p>Ich bin dankbar, diesen Weg gegangen zu sein \u2013 f\u00fcr mein eigenes Wohlbefinden und daf\u00fcr, dieses Wissen nun weitergeben zu k\u00f6nnen.<\/p>\n<p>Vielen Dank, liebe Ulrike und Team!<\/p>\n<p>Wenn du mehr \u00fcber mich und meine Arbeit erfahren m\u00f6chtest, findest du mich auf Instagram unter <a href=\"https:\/\/www.instagram.com\/healthy.shades\/\">healthy.shades<\/a><\/p>\n<p>[\/et_pb_text][\/et_pb_column][\/et_pb_row][\/et_pb_section][et_pb_section fb_built=&#8220;1&#8243; _builder_version=&#8220;4.27.4&#8243; background_image=&#8220;https:\/\/deine-ernaehrung.de\/ausbildung\/wp-content\/uploads\/2019\/09\/Zwischenbild_05.jpg&#8220; background_position=&#8220;top_center&#8220; custom_padding=&#8220;|||&#8220; global_module=&#8220;795&#8243; saved_tabs=&#8220;all&#8220; collapsed=&#8220;off&#8220; global_colors_info=&#8220;{}&#8220;][et_pb_row _builder_version=&#8220;4.27.4&#8243; max_width=&#8220;663px&#8220; custom_margin=&#8220;40px||40px|&#8220; custom_padding=&#8220;30px|||&#8220; use_custom_width=&#8220;on&#8220; custom_width_px=&#8220;663px&#8220; global_colors_info=&#8220;{}&#8220;][et_pb_column type=&#8220;4_4&#8243; _builder_version=&#8220;4.16&#8243; custom_padding=&#8220;|||&#8220; global_colors_info=&#8220;{}&#8220; custom_padding__hover=&#8220;|||&#8220;][et_pb_code _builder_version=&#8220;4.27.4&#8243; global_colors_info=&#8220;{}&#8220;][\/et_pb_code][et_pb_text _builder_version=&#8220;4.16&#8243; text_font=&#8220;Source Sans Pro|on|||&#8220; text_font_size=&#8220;55px&#8220; text_line_height=&#8220;1em&#8220; text_orientation=&#8220;center&#8220; background_layout=&#8220;dark&#8220; custom_margin=&#8220;||3px|&#8220; custom_margin_tablet=&#8220;&#8220; custom_margin_phone=&#8220;&#8220; custom_margin_last_edited=&#8220;on|phone&#8220; text_font_size_tablet=&#8220;45px&#8220; text_font_size_phone=&#8220;27px&#8220; text_font_size_last_edited=&#8220;on|phone&#8220; global_colors_info=&#8220;{}&#8220;]<\/p>\n<p>Bei weiteren Fragen sind wir gerne f\u00fcr dich da!<\/p>\n<p>[\/et_pb_text][et_pb_text _builder_version=&#8220;4.16&#8243; text_font=&#8220;Arimo||||&#8220; text_font_size=&#8220;25px&#8220; text_line_height=&#8220;1em&#8220; text_orientation=&#8220;center&#8220; background_layout=&#8220;dark&#8220; custom_margin=&#8220;21px||21px||true|false&#8220; text_font_size_tablet=&#8220;22px&#8220; text_font_size_phone=&#8220;19px&#8220; text_font_size_last_edited=&#8220;on|phone&#8220; global_colors_info=&#8220;{}&#8220;]<span style=\"margin-top: 12px;\">Wir freuen uns \u00fcber deine Anfrage!<\/span><\/p>\n<p>[\/et_pb_text][et_pb_button button_url=&#8220;https:\/\/deine-ernaehrung.de\/ausbildung\/beratungsgespraech\/&#8220; button_text=&#8220;Beratungsgespr\u00e4ch vereinbaren&#8220; button_alignment=&#8220;center&#8220; _builder_version=&#8220;4.16&#8243; custom_button=&#8220;on&#8220; button_text_color=&#8220;#ffffff&#8220; button_font=&#8220;||||||||&#8220; button_use_icon=&#8220;off&#8220; custom_margin=&#8220;15px|||&#8220; button_text_color_hover=&#8220;#ffffff&#8220; button_border_color_hover=&#8220;#ffffff&#8220; button_letter_spacing_hover=&#8220;1px&#8220; button_bg_color_hover=&#8220;rgba(0,0,0,0)&#8220; global_colors_info=&#8220;{}&#8220; button_text_size__hover_enabled=&#8220;off&#8220; button_text_size__hover=&#8220;null&#8220; button_one_text_size__hover_enabled=&#8220;off&#8220; button_one_text_size__hover=&#8220;null&#8220; button_two_text_size__hover_enabled=&#8220;off&#8220; button_two_text_size__hover=&#8220;null&#8220; button_text_color__hover_enabled=&#8220;on&#8220; button_text_color__hover=&#8220;#ffffff&#8220; button_one_text_color__hover_enabled=&#8220;off&#8220; button_one_text_color__hover=&#8220;null&#8220; button_two_text_color__hover_enabled=&#8220;off&#8220; button_two_text_color__hover=&#8220;null&#8220; button_border_width__hover_enabled=&#8220;off&#8220; button_border_width__hover=&#8220;null&#8220; button_one_border_width__hover_enabled=&#8220;off&#8220; button_one_border_width__hover=&#8220;null&#8220; button_two_border_width__hover_enabled=&#8220;off&#8220; button_two_border_width__hover=&#8220;null&#8220; button_border_color__hover_enabled=&#8220;on&#8220; button_border_color__hover=&#8220;#ffffff&#8220; button_one_border_color__hover_enabled=&#8220;off&#8220; button_one_border_color__hover=&#8220;null&#8220; button_two_border_color__hover_enabled=&#8220;off&#8220; button_two_border_color__hover=&#8220;null&#8220; button_border_radius__hover_enabled=&#8220;off&#8220; button_border_radius__hover=&#8220;null&#8220; button_one_border_radius__hover_enabled=&#8220;off&#8220; button_one_border_radius__hover=&#8220;null&#8220; button_two_border_radius__hover_enabled=&#8220;off&#8220; button_two_border_radius__hover=&#8220;null&#8220; button_letter_spacing__hover_enabled=&#8220;on&#8220; button_letter_spacing__hover=&#8220;1px&#8220; button_one_letter_spacing__hover_enabled=&#8220;off&#8220; button_one_letter_spacing__hover=&#8220;null&#8220; button_two_letter_spacing__hover_enabled=&#8220;off&#8220; button_two_letter_spacing__hover=&#8220;null&#8220; button_bg_color__hover_enabled=&#8220;on&#8220; button_bg_color__hover=&#8220;rgba(0,0,0,0)&#8220; button_one_bg_color__hover_enabled=&#8220;off&#8220; button_one_bg_color__hover=&#8220;null&#8220; button_two_bg_color__hover_enabled=&#8220;off&#8220; button_two_bg_color__hover=&#8220;null&#8220;][\/et_pb_button][\/et_pb_column][\/et_pb_row][et_pb_row _builder_version=&#8220;4.27.4&#8243; global_colors_info=&#8220;{}&#8220;][et_pb_column type=&#8220;4_4&#8243; _builder_version=&#8220;4.16&#8243; custom_padding=&#8220;|||&#8220; global_colors_info=&#8220;{}&#8220; custom_padding__hover=&#8220;|||&#8220;][et_pb_text _builder_version=&#8220;4.16&#8243; global_colors_info=&#8220;{}&#8220;][\/et_pb_text][\/et_pb_column][\/et_pb_row][\/et_pb_section]<\/p>\n<span class=\"et_bloom_bottom_trigger\"><\/span>","protected":false},"excerpt":{"rendered":"<p>&nbsp; \u201eIn der Ausbildung geht es nicht nur um Ern\u00e4hrung, es geht um ein neues Bewusstsein f\u00fcr den eigenen K\u00f6rper, die eigene Gesundheit und Selbstverantwortung.\u201cCarla Ern\u00e4hrungsberaterin I Online-CoachingIch habe mich ganz bewusst f\u00fcr die Ausbildung zur Ern\u00e4hrungsberaterin bei Deine Ern\u00e4hrung entschieden, weil mir ein ganzheitlicher Ansatz besonders wichtig war. Was mich von Anfang an \u00fcberzeugt [&hellip;]<\/p>\n","protected":false},"author":1,"featured_media":0,"parent":0,"menu_order":0,"comment_status":"closed","ping_status":"closed","template":"","meta":{"_acf_changed":false,"_et_pb_use_builder":"on","_et_pb_old_content":"","_et_gb_content_width":"","footnotes":""},"class_list":["post-14530","page","type-page","status-publish","hentry"],"acf":[],"jetpack_sharing_enabled":true,"_links":{"self":[{"href":"https:\/\/deine-ernaehrung.de\/ausbildung\/wp-json\/wp\/v2\/pages\/14530","targetHints":{"allow":["GET"]}}],"collection":[{"href":"https:\/\/deine-ernaehrung.de\/ausbildung\/wp-json\/wp\/v2\/pages"}],"about":[{"href":"https:\/\/deine-ernaehrung.de\/ausbildung\/wp-json\/wp\/v2\/types\/page"}],"author":[{"embeddable":true,"href":"https:\/\/deine-ernaehrung.de\/ausbildung\/wp-json\/wp\/v2\/users\/1"}],"replies":[{"embeddable":true,"href":"https:\/\/deine-ernaehrung.de\/ausbildung\/wp-json\/wp\/v2\/comments?post=14530"}],"version-history":[{"count":2,"href":"https:\/\/deine-ernaehrung.de\/ausbildung\/wp-json\/wp\/v2\/pages\/14530\/revisions"}],"predecessor-version":[{"id":14533,"href":"https:\/\/deine-ernaehrung.de\/ausbildung\/wp-json\/wp\/v2\/pages\/14530\/revisions\/14533"}],"wp:attachment":[{"href":"https:\/\/deine-ernaehrung.de\/ausbildung\/wp-json\/wp\/v2\/media?parent=14530"}],"curies":[{"name":"wp","href":"https:\/\/api.w.org\/{rel}","templated":true}]}}