{"id":12883,"date":"2022-02-12T20:18:27","date_gmt":"2022-02-12T19:18:27","guid":{"rendered":"https:\/\/deine-ernaehrung.de\/ausbildung\/?page_id=12883"},"modified":"2026-03-05T20:28:32","modified_gmt":"2026-03-05T19:28:32","slug":"ueber-uns","status":"publish","type":"page","link":"https:\/\/deine-ernaehrung.de\/ausbildung\/ueber-uns\/","title":{"rendered":"\u00dcber uns"},"content":{"rendered":"<p>[et_pb_section fb_built=&#8220;1&#8243; fullwidth=&#8220;on&#8220; disabled_on=&#8220;off|off|off&#8220; _builder_version=&#8220;4.16&#8243; background_image=&#8220;https:\/\/deine-ernaehrung.de\/ausbildung\/wp-content\/uploads\/2022\/02\/About-Header-02.jpg&#8220; custom_margin=&#8220;|30px||30px||true&#8220; custom_margin_tablet=&#8220;|20px||20px||true&#8220; custom_margin_phone=&#8220;|0px||0px||true&#8220; custom_margin_last_edited=&#8220;on|phone&#8220; custom_padding=&#8220;|||&#8220; animation_style=&#8220;slide&#8220; animation_intensity_slide=&#8220;1%&#8220; global_colors_info=&#8220;{}&#8220;][et_pb_fullwidth_header text_orientation=&#8220;center&#8220; button_one_url=&#8220;https:\/\/deine-ernaehrung.de\/roh-veganes-basiswissen\/&#8220; content_max_width=&#8220;71%&#8220; _builder_version=&#8220;4.16&#8243; title_font=&#8220;Shadows Into Light||||||||&#8220; title_font_size=&#8220;39px&#8220; subhead_font=&#8220;circe||||||||&#8220; subhead_font_size=&#8220;100px&#8220; subhead_line_height=&#8220;0.9em&#8220; background_image=&#8220;https:\/\/deine-ernaehrung.de\/ausbildung\/wp-content\/uploads\/2022\/02\/About-Header-02.jpg&#8220; button_one_icon=&#8220;&#x24;||divi||400&#8243; title_font_size_tablet=&#8220;33px&#8220; title_font_size_phone=&#8220;27px&#8220; subhead_font_size_tablet=&#8220;70px&#8220; subhead_font_size_phone=&#8220;39px&#8220; subhead_font_size_last_edited=&#8220;on|phone&#8220; custom_css_main_element=&#8220;margin-top: -20px;||padding-bottom: 20px !important;&#8220; custom_css_title=&#8220;margin-bottom: 15px;||text-transform: none;||&#8220; title_text_shadow_style=&#8220;preset2&#8243; title_text_shadow_horizontal_length=&#8220;0em&#8220; title_text_shadow_vertical_length=&#8220;0em&#8220; title_text_shadow_blur_strength=&#8220;0.67em&#8220; title_text_shadow_color=&#8220;rgba(0,0,0,0.77)&#8220; subhead_text_shadow_style=&#8220;preset2&#8243; subhead_text_shadow_horizontal_length=&#8220;0em&#8220; subhead_text_shadow_vertical_length=&#8220;0em&#8220; subhead_text_shadow_blur_strength=&#8220;0.76em&#8220; subhead_text_shadow_color=&#8220;rgba(0,0,0,0.62)&#8220; button_one_text_shadow_style=&#8220;preset2&#8243; button_one_text_shadow_horizontal_length=&#8220;0em&#8220; button_one_text_shadow_vertical_length=&#8220;0em&#8220; button_one_text_shadow_blur_strength=&#8220;0.87em&#8220; button_one_text_shadow_color=&#8220;rgba(0,0,0,0.41)&#8220; button_one_border_color_hover=&#8220;#ffffff&#8220; button_one_letter_spacing_hover=&#8220;1px&#8220; button_one_bg_color_hover=&#8220;rgba(0,0,0,0)&#8220; global_colors_info=&#8220;{}&#8220; button_one_text_size__hover_enabled=&#8220;off&#8220; button_one_text_size__hover=&#8220;null&#8220; button_two_text_size__hover_enabled=&#8220;off&#8220; button_two_text_size__hover=&#8220;null&#8220; button_one_text_color__hover_enabled=&#8220;off&#8220; button_one_text_color__hover=&#8220;null&#8220; button_two_text_color__hover_enabled=&#8220;off&#8220; button_two_text_color__hover=&#8220;null&#8220; button_one_border_width__hover_enabled=&#8220;off&#8220; button_one_border_width__hover=&#8220;null&#8220; button_two_border_width__hover_enabled=&#8220;off&#8220; button_two_border_width__hover=&#8220;null&#8220; button_two_border_color__hover_enabled=&#8220;off&#8220; button_two_border_color__hover=&#8220;null&#8220; button_one_border_radius__hover_enabled=&#8220;off&#8220; button_one_border_radius__hover=&#8220;null&#8220; button_two_border_radius__hover_enabled=&#8220;off&#8220; button_two_border_radius__hover=&#8220;null&#8220; button_two_letter_spacing__hover_enabled=&#8220;off&#8220; button_two_letter_spacing__hover=&#8220;null&#8220; button_two_bg_color__hover_enabled=&#8220;off&#8220; button_two_bg_color__hover=&#8220;null&#8220;]<\/p>\n<h4><\/h4>\n<p>[\/et_pb_fullwidth_header][\/et_pb_section][et_pb_section fb_built=&#8220;1&#8243; custom_padding_last_edited=&#8220;on|phone&#8220; admin_label=&#8220;section&#8220; module_id=&#8220;portfolio&#8220; _builder_version=&#8220;4.16&#8243; background_color=&#8220;#f7f7f7&#8243; parallax=&#8220;on&#8220; parallax_method=&#8220;off&#8220; custom_margin=&#8220;|||&#8220; custom_padding=&#8220;10px||80px|||&#8220; custom_padding_tablet=&#8220;||0px|&#8220; custom_padding_phone=&#8220;||0px|&#8220; animation_style=&#8220;slide&#8220; animation_direction=&#8220;bottom&#8220; animation_duration=&#8220;900ms&#8220; animation_intensity_slide=&#8220;1%&#8220; custom_css_main_element=&#8220;z-index: 999;||&#8220; global_colors_info=&#8220;{}&#8220;][et_pb_row _builder_version=&#8220;4.16&#8243; module_alignment=&#8220;center&#8220; custom_margin=&#8220;20px|auto|37px|auto||&#8220; custom_padding=&#8220;||0px|||&#8220; global_colors_info=&#8220;{}&#8220;][et_pb_column type=&#8220;4_4&#8243; _builder_version=&#8220;4.16&#8243; custom_padding=&#8220;|||&#8220; global_colors_info=&#8220;{}&#8220; custom_padding__hover=&#8220;|||&#8220;][et_pb_text _builder_version=&#8220;4.23.1&#8243; text_font=&#8220;Source Sans Pro|300|||||||&#8220; text_font_size=&#8220;20px&#8220; header_font_size=&#8220;45px&#8220; header_line_height=&#8220;2em&#8220; text_orientation=&#8220;center&#8220; width=&#8220;100%&#8220; max_width=&#8220;700px&#8220; max_width_tablet=&#8220;&#8220; max_width_phone=&#8220;&#8220; max_width_last_edited=&#8220;on|phone&#8220; module_alignment=&#8220;center&#8220; custom_margin=&#8220;20px||20px||false|false&#8220; custom_margin_tablet=&#8220;|||0px&#8220; custom_margin_phone=&#8220;|||&#8220; custom_margin_last_edited=&#8220;on|phone&#8220; custom_padding=&#8220;0px|||0px&#8220; animation_style=&#8220;fade&#8220; animation_delay=&#8220;500ms&#8220; text_font_size_tablet=&#8220;23px&#8220; text_font_size_phone=&#8220;&#8220; text_font_size_last_edited=&#8220;on|phone&#8220; global_colors_info=&#8220;{}&#8220;]<\/p>\n<h1 style=\"text-align: center;\">Unser Team<\/h1>\n<p style=\"text-align: center;\">Wir sind ein ern\u00e4hrungsbegeistertes Team, das mit gro\u00dfem Engagement f\u00fcr unsere Ausbildungsteilnehmer da ist. Unser Ziel ist es, fundiertes Wissen zu vermitteln, das nachhaltig zu Gesundheit, Lebensfreude und einem bewussteren Lebensstil beitr\u00e4gt.<\/p>\n<p>[\/et_pb_text][\/et_pb_column][\/et_pb_row][et_pb_row column_structure=&#8220;1_3,1_3,1_3&#8243; _builder_version=&#8220;4.16&#8243; _module_preset=&#8220;default&#8220; module_alignment=&#8220;center&#8220; global_colors_info=&#8220;{}&#8220;][et_pb_column type=&#8220;1_3&#8243; _builder_version=&#8220;4.16&#8243; _module_preset=&#8220;default&#8220; global_colors_info=&#8220;{}&#8220;][et_pb_image src=&#8220;https:\/\/deine-ernaehrung.de\/ausbildung\/wp-content\/uploads\/2022\/02\/211122_DE_Landsberg_0237-2-Kopie_.jpeg&#8220; title_text=&#8220;Team&#8220; _builder_version=&#8220;4.16&#8243; max_width=&#8220;100%&#8220; custom_margin=&#8220;0px||0px||false|false&#8220; custom_margin_tablet=&#8220;&#8220; custom_margin_phone=&#8220;&#8220; custom_margin_last_edited=&#8220;on|desktop&#8220; always_center_on_mobile=&#8220;off&#8220; global_colors_info=&#8220;{}&#8220;]<\/p>\n<p>&nbsp;<\/p>\n<p>[\/et_pb_image][et_pb_blurb title=&#8220;Ulrike Eder&#8220; _builder_version=&#8220;4.16&#8243; _module_preset=&#8220;d6787863-17bf-4695-b064-c46289b33277&#8243; global_colors_info=&#8220;{}&#8220;]<\/p>\n<p>Heilpraktikerin (psych.), Ern\u00e4hrungs-beraterin, Hippocrates Lifestyle Medicine Coach, Schulleitung<\/p>\n<p>[\/et_pb_blurb][\/et_pb_column][et_pb_column type=&#8220;1_3&#8243; _builder_version=&#8220;4.16&#8243; _module_preset=&#8220;default&#8220; global_colors_info=&#8220;{}&#8220;][et_pb_image src=&#8220;https:\/\/deine-ernaehrung.de\/ausbildung\/wp-content\/uploads\/2022\/02\/About-Juergen-01.jpg&#8220; title_text=&#8220;About-Juergen-01&#8243; _builder_version=&#8220;4.16&#8243; max_width=&#8220;100%&#8220; custom_margin=&#8220;0px||0px||false|false&#8220; custom_margin_tablet=&#8220;&#8220; custom_margin_phone=&#8220;&#8220; custom_margin_last_edited=&#8220;on|desktop&#8220; always_center_on_mobile=&#8220;off&#8220; global_colors_info=&#8220;{}&#8220;]<\/p>\n<p>&nbsp;<\/p>\n<p>[\/et_pb_image][et_pb_blurb title=&#8220;J\u00fcrgen Eder&#8220; _builder_version=&#8220;4.16&#8243; _module_preset=&#8220;d6787863-17bf-4695-b064-c46289b33277&#8243; body_font_size=&#8220;17px&#8220; global_colors_info=&#8220;{}&#8220;]<\/p>\n<p>Holistischer Gesundheitsberater<br \/>Qualit\u00e4tsmanager<br \/>Schulleitung<\/p>\n<p>[\/et_pb_blurb][\/et_pb_column][et_pb_column type=&#8220;1_3&#8243; _builder_version=&#8220;4.16&#8243; _module_preset=&#8220;default&#8220; global_colors_info=&#8220;{}&#8220;][et_pb_image src=&#8220;https:\/\/deine-ernaehrung.de\/ausbildung\/wp-content\/uploads\/2025\/06\/Dr.John-Switzer.jpg&#8220; alt=&#8220;John Switzer&#8220; title_text=&#8220;Dr.John-Switzer&#8220; _builder_version=&#8220;4.27.4&#8243; max_width=&#8220;100%&#8220; custom_margin=&#8220;0px||0px||false|false&#8220; custom_margin_tablet=&#8220;&#8220; custom_margin_phone=&#8220;&#8220; custom_margin_last_edited=&#8220;on|desktop&#8220; always_center_on_mobile=&#8220;off&#8220; global_colors_info=&#8220;{}&#8220;]<\/p>\n<p>&nbsp;<\/p>\n<p>[\/et_pb_image][et_pb_blurb title=&#8220;Dr. John Switzer&#8220; _builder_version=&#8220;4.16&#8243; _module_preset=&#8220;d6787863-17bf-4695-b064-c46289b33277&#8243; body_font_size=&#8220;17px&#8220; global_colors_info=&#8220;{}&#8220;]<\/p>\n<p>Arzt, Hom\u00f6opathie, Ayurveda, Leitung Panchakrama Kur<br \/>Rohkost- und Wildkr\u00e4uter-Vitalkost<\/p>\n<p>[\/et_pb_blurb][\/et_pb_column][\/et_pb_row][et_pb_row column_structure=&#8220;1_3,1_3,1_3&#8243; disabled_on=&#8220;off|off|off&#8220; _builder_version=&#8220;4.16&#8243; _module_preset=&#8220;default&#8220; module_alignment=&#8220;center&#8220; global_colors_info=&#8220;{}&#8220;][et_pb_column type=&#8220;1_3&#8243; _builder_version=&#8220;4.16&#8243; _module_preset=&#8220;default&#8220; global_colors_info=&#8220;{}&#8220;][et_pb_image src=&#8220;https:\/\/deine-ernaehrung.de\/ausbildung\/wp-content\/uploads\/2022\/11\/HeLo.jpeg&#8220; title_text=&#8220;HeLo&#8220; _builder_version=&#8220;4.17.3&#8243; max_width=&#8220;100%&#8220; custom_margin=&#8220;0px||0px||false|false&#8220; custom_margin_tablet=&#8220;&#8220; custom_margin_phone=&#8220;&#8220; custom_margin_last_edited=&#8220;on|desktop&#8220; always_center_on_mobile=&#8220;off&#8220; global_colors_info=&#8220;{}&#8220;]<\/p>\n<p>&nbsp;<\/p>\n<p>[\/et_pb_image][et_pb_blurb title=&#8220;Henry Lop&#8220; _builder_version=&#8220;4.16&#8243; _module_preset=&#8220;d6787863-17bf-4695-b064-c46289b33277&#8243; body_font_size=&#8220;17px&#8220; global_colors_info=&#8220;{}&#8220;]<\/p>\n<p>Heilpraktiker i.A., Ern\u00e4hrungs-berater, fachliche Betreuung der Ausbildungsteilnehmer<\/p>\n<p>[\/et_pb_blurb][\/et_pb_column][et_pb_column type=&#8220;1_3&#8243; _builder_version=&#8220;4.16&#8243; _module_preset=&#8220;default&#8220; global_colors_info=&#8220;{}&#8220;][et_pb_image src=&#8220;https:\/\/deine-ernaehrung.de\/ausbildung\/wp-content\/uploads\/2025\/06\/Isabel.jpg&#8220; title_text=&#8220;Isabel&#8220; _builder_version=&#8220;4.27.4&#8243; max_width=&#8220;100%&#8220; custom_margin=&#8220;0px||0px||false|false&#8220; custom_margin_tablet=&#8220;&#8220; custom_margin_phone=&#8220;&#8220; custom_margin_last_edited=&#8220;on|desktop&#8220; always_center_on_mobile=&#8220;off&#8220; global_colors_info=&#8220;{}&#8220;]<\/p>\n<p>&nbsp;<\/p>\n<p>[\/et_pb_image][et_pb_blurb title=&#8220;Isabel Bernhauser&#8220; _builder_version=&#8220;4.16&#8243; _module_preset=&#8220;d6787863-17bf-4695-b064-c46289b33277&#8243; body_font_size=&#8220;17px&#8220; global_colors_info=&#8220;{}&#8220;]<\/p>\n<p>Ern\u00e4hrungswissenschaftlerin (MSc),<br \/>Holistic Health Coach, Yogalehrerin, Entwicklung der Lehrinhalte<\/p>\n<p>[\/et_pb_blurb][\/et_pb_column][et_pb_column type=&#8220;1_3&#8243; _builder_version=&#8220;4.16&#8243; _module_preset=&#8220;default&#8220; global_colors_info=&#8220;{}&#8220;][et_pb_image src=&#8220;https:\/\/deine-ernaehrung.de\/ausbildung\/wp-content\/uploads\/2022\/11\/AnPL.jpeg&#8220; title_text=&#8220;AnPL&#8220; _builder_version=&#8220;4.17.3&#8243; max_width=&#8220;100%&#8220; custom_margin=&#8220;0px||0px||false|false&#8220; custom_margin_tablet=&#8220;&#8220; custom_margin_phone=&#8220;&#8220; custom_margin_last_edited=&#8220;on|desktop&#8220; always_center_on_mobile=&#8220;off&#8220; global_colors_info=&#8220;{}&#8220;]<\/p>\n<p>&nbsp;<\/p>\n<p>[\/et_pb_image][et_pb_blurb title=&#8220;Anna Platzgummer&#8220; _builder_version=&#8220;4.16&#8243; _module_preset=&#8220;d6787863-17bf-4695-b064-c46289b33277&#8243; body_font_size=&#8220;17px&#8220; global_colors_info=&#8220;{}&#8220;]<\/p>\n<p>Medizinstudentin,\u00a0 Ern\u00e4hrungs-<br \/>beraterin, fachliche Betreuung der Ausbildungsteilnehmer<\/p>\n<p>[\/et_pb_blurb][\/et_pb_column][\/et_pb_row][et_pb_row column_structure=&#8220;1_3,1_3,1_3&#8243; _builder_version=&#8220;4.16&#8243; _module_preset=&#8220;default&#8220; module_alignment=&#8220;center&#8220; global_colors_info=&#8220;{}&#8220;][et_pb_column type=&#8220;1_3&#8243; _builder_version=&#8220;4.16&#8243; _module_preset=&#8220;default&#8220; global_colors_info=&#8220;{}&#8220;][et_pb_image src=&#8220;https:\/\/deine-ernaehrung.de\/ausbildung\/wp-content\/uploads\/2024\/11\/Lisa.jpg&#8220; title_text=&#8220;Lisa&#8220; _builder_version=&#8220;4.23.1&#8243; max_width=&#8220;100%&#8220; custom_margin=&#8220;0px||0px||false|false&#8220; custom_margin_tablet=&#8220;&#8220; custom_margin_phone=&#8220;&#8220; custom_margin_last_edited=&#8220;on|desktop&#8220; always_center_on_mobile=&#8220;off&#8220; global_colors_info=&#8220;{}&#8220;]<\/p>\n<p>&nbsp;<\/p>\n<p>[\/et_pb_image][et_pb_blurb title=&#8220;Lisa Wengerek&#8220; _builder_version=&#8220;4.16&#8243; _module_preset=&#8220;d6787863-17bf-4695-b064-c46289b33277&#8243; body_font_size=&#8220;17px&#8220; global_colors_info=&#8220;{}&#8220;]<\/p>\n<p>Ganzheitliche Ern\u00e4hrungsberaterin Unterst\u00fctzung der Gesch\u00e4ftsleitung und Social Media Content<\/p>\n<p>[\/et_pb_blurb][\/et_pb_column][et_pb_column type=&#8220;1_3&#8243; _builder_version=&#8220;4.16&#8243; _module_preset=&#8220;default&#8220; global_colors_info=&#8220;{}&#8220;][et_pb_image src=&#8220;https:\/\/deine-ernaehrung.de\/ausbildung\/wp-content\/uploads\/2022\/02\/About-Victoria-01.jpg&#8220; title_text=&#8220;About-Victoria-01&#8243; _builder_version=&#8220;4.16&#8243; max_width=&#8220;100%&#8220; custom_margin=&#8220;0px||0px||false|false&#8220; custom_margin_tablet=&#8220;&#8220; custom_margin_phone=&#8220;&#8220; custom_margin_last_edited=&#8220;on|desktop&#8220; always_center_on_mobile=&#8220;off&#8220; global_colors_info=&#8220;{}&#8220;]<\/p>\n<p>&nbsp;<\/p>\n<p>[\/et_pb_image][et_pb_blurb title=&#8220;Victoria Rust&#8220; _builder_version=&#8220;4.16&#8243; _module_preset=&#8220;d6787863-17bf-4695-b064-c46289b33277&#8243; body_font_size=&#8220;17px&#8220; global_colors_info=&#8220;{}&#8220;]<\/p>\n<p>Ern\u00e4hrungsberaterin, Health Coach, betreut das Fachgebiet vegane Sportern\u00e4hrung und Social Media<\/p>\n<p>[\/et_pb_blurb][\/et_pb_column][et_pb_column type=&#8220;1_3&#8243; _builder_version=&#8220;4.16&#8243; _module_preset=&#8220;default&#8220; global_colors_info=&#8220;{}&#8220;][et_pb_image src=&#8220;https:\/\/deine-ernaehrung.de\/ausbildung\/wp-content\/uploads\/2026\/01\/Laetitia-1.jpg&#8220; alt=&#8220;Tutorin Deine Ern\u00e4hrung&#8220; title_text=&#8220;Laetitia&#8220; _builder_version=&#8220;4.27.4&#8243; max_width=&#8220;100%&#8220; custom_margin=&#8220;0px||0px||false|false&#8220; custom_margin_tablet=&#8220;&#8220; custom_margin_phone=&#8220;&#8220; custom_margin_last_edited=&#8220;on|desktop&#8220; always_center_on_mobile=&#8220;off&#8220; global_colors_info=&#8220;{}&#8220;]<\/p>\n<p>&nbsp;<\/p>\n<p>[\/et_pb_image][et_pb_blurb title=&#8220;Laetitia Schidlo&#8220; _builder_version=&#8220;4.16&#8243; _module_preset=&#8220;d6787863-17bf-4695-b064-c46289b33277&#8243; body_font_size=&#8220;17px&#8220; global_colors_info=&#8220;{}&#8220;]<\/p>\n<p>Ern\u00e4hrungsberaterin, betreut das Fachgebiet Ern\u00e4hrung nach Anthony William<\/p>\n<p>[\/et_pb_blurb][\/et_pb_column][\/et_pb_row][et_pb_row column_structure=&#8220;1_3,1_3,1_3&#8243; disabled_on=&#8220;off|off|off&#8220; _builder_version=&#8220;4.17.3&#8243; _module_preset=&#8220;default&#8220; module_alignment=&#8220;center&#8220; global_colors_info=&#8220;{}&#8220;][et_pb_column type=&#8220;1_3&#8243; _builder_version=&#8220;4.16&#8243; _module_preset=&#8220;default&#8220; global_colors_info=&#8220;{}&#8220;][et_pb_image src=&#8220;https:\/\/deine-ernaehrung.de\/ausbildung\/wp-content\/uploads\/2022\/02\/image1-Kopie-1.jpeg&#8220; title_text=&#8220;Sophie&#8220; _builder_version=&#8220;4.16&#8243; max_width=&#8220;100%&#8220; custom_margin=&#8220;0px||0px||false|false&#8220; custom_margin_tablet=&#8220;&#8220; custom_margin_phone=&#8220;&#8220; custom_margin_last_edited=&#8220;on|desktop&#8220; always_center_on_mobile=&#8220;off&#8220; global_colors_info=&#8220;{}&#8220;]<\/p>\n<p>&nbsp;<\/p>\n<p>[\/et_pb_image][et_pb_blurb title=&#8220;Sophie Brecht&#8220; _builder_version=&#8220;4.16&#8243; _module_preset=&#8220;d6787863-17bf-4695-b064-c46289b33277&#8243; body_font_size=&#8220;17px&#8220; global_colors_info=&#8220;{}&#8220;]<\/p>\n<p>Gesundheitspsychologin Ern\u00e4hrungsberaterin<br \/>Entwicklung der Lehrinhalte<\/p>\n<p>[\/et_pb_blurb][\/et_pb_column][et_pb_column type=&#8220;1_3&#8243; _builder_version=&#8220;4.16&#8243; _module_preset=&#8220;default&#8220; global_colors_info=&#8220;{}&#8220;][et_pb_image src=&#8220;https:\/\/deine-ernaehrung.de\/ausbildung\/wp-content\/uploads\/2022\/02\/173A9883-3-1.jpg&#8220; title_text=&#8220;carola&#8220; _builder_version=&#8220;4.16&#8243; max_width=&#8220;100%&#8220; custom_margin=&#8220;0px||0px||false|false&#8220; custom_margin_tablet=&#8220;&#8220; custom_margin_phone=&#8220;&#8220; custom_margin_last_edited=&#8220;on|desktop&#8220; always_center_on_mobile=&#8220;off&#8220; global_colors_info=&#8220;{}&#8220;]<\/p>\n<p>&nbsp;<\/p>\n<p>[\/et_pb_image][et_pb_blurb title=&#8220;Carola Linglbach&#8220; _builder_version=&#8220;4.16&#8243; _module_preset=&#8220;d6787863-17bf-4695-b064-c46289b33277&#8243; body_font_size=&#8220;17px&#8220; global_colors_info=&#8220;{}&#8220;]<\/p>\n<p>Ayurveda- &amp; Yogalehrerin, Magister Philosophie \u2013 Entwicklung von Lehrvideos und weiteren Projekten<\/p>\n<p>[\/et_pb_blurb][\/et_pb_column][et_pb_column type=&#8220;1_3&#8243; _builder_version=&#8220;4.16&#8243; _module_preset=&#8220;default&#8220; global_colors_info=&#8220;{}&#8220;][et_pb_image src=&#8220;https:\/\/deine-ernaehrung.de\/ausbildung\/wp-content\/uploads\/2022\/07\/Sabrina_.jpeg&#8220; title_text=&#8220;Sabrina_&#8220; _builder_version=&#8220;4.17.3&#8243; max_width=&#8220;100%&#8220; custom_margin=&#8220;0px||0px||false|false&#8220; custom_margin_tablet=&#8220;&#8220; custom_margin_phone=&#8220;&#8220; custom_margin_last_edited=&#8220;on|desktop&#8220; always_center_on_mobile=&#8220;off&#8220; global_colors_info=&#8220;{}&#8220;]<\/p>\n<p>&nbsp;<\/p>\n<p>[\/et_pb_image][et_pb_blurb title=&#8220;Sabrina Schramm&#8220; _builder_version=&#8220;4.16&#8243; _module_preset=&#8220;d6787863-17bf-4695-b064-c46289b33277&#8243; body_font_size=&#8220;17px&#8220; global_colors_info=&#8220;{}&#8220;]<\/p>\n<p>Sportwissenschaftlerin<br \/>Ern\u00e4hrungsberaterin<br \/>Social Media, Content Creator<\/p>\n<p>[\/et_pb_blurb][\/et_pb_column][\/et_pb_row][et_pb_row column_structure=&#8220;1_3,1_3,1_3&#8243; _builder_version=&#8220;4.16&#8243; _module_preset=&#8220;default&#8220; module_alignment=&#8220;center&#8220; global_colors_info=&#8220;{}&#8220;][et_pb_column type=&#8220;1_3&#8243; _builder_version=&#8220;4.16&#8243; _module_preset=&#8220;default&#8220; global_colors_info=&#8220;{}&#8220;][et_pb_image src=&#8220;https:\/\/deine-ernaehrung.de\/ausbildung\/wp-content\/uploads\/2022\/02\/Isabel-Winckler.jpg&#8220; title_text=&#8220;Isabel-Winckler&#8220; _builder_version=&#8220;4.16&#8243; max_width=&#8220;100%&#8220; custom_margin=&#8220;0px||0px||false|false&#8220; custom_margin_tablet=&#8220;&#8220; custom_margin_phone=&#8220;&#8220; custom_margin_last_edited=&#8220;on|desktop&#8220; always_center_on_mobile=&#8220;off&#8220; global_colors_info=&#8220;{}&#8220;]<\/p>\n<p>&nbsp;<\/p>\n<p>[\/et_pb_image][et_pb_blurb title=&#8220;Isabell Winckler&#8220; _builder_version=&#8220;4.16&#8243; _module_preset=&#8220;d6787863-17bf-4695-b064-c46289b33277&#8243; body_font_size=&#8220;17px&#8220; global_colors_info=&#8220;{}&#8220;]<\/p>\n<p>Fotografie und Video<\/p>\n<p>[\/et_pb_blurb][\/et_pb_column][et_pb_column type=&#8220;1_3&#8243; _builder_version=&#8220;4.16&#8243; _module_preset=&#8220;default&#8220; global_colors_info=&#8220;{}&#8220;][et_pb_image src=&#8220;https:\/\/deine-ernaehrung.de\/ausbildung\/wp-content\/uploads\/2022\/02\/Johannes-Eder.jpg&#8220; title_text=&#8220;Johannes-Eder&#8220; _builder_version=&#8220;4.16&#8243; max_width=&#8220;100%&#8220; custom_margin=&#8220;0px||0px||false|false&#8220; custom_margin_tablet=&#8220;&#8220; custom_margin_phone=&#8220;&#8220; custom_margin_last_edited=&#8220;on|desktop&#8220; always_center_on_mobile=&#8220;off&#8220; global_colors_info=&#8220;{}&#8220;]<\/p>\n<p>&nbsp;<\/p>\n<p>[\/et_pb_image][et_pb_blurb title=&#8220;Johannes Eder&#8220; _builder_version=&#8220;4.16&#8243; _module_preset=&#8220;d6787863-17bf-4695-b064-c46289b33277&#8243; body_font_size=&#8220;17px&#8220; global_colors_info=&#8220;{}&#8220;]<\/p>\n<p>Webdesign und Marketing<\/p>\n<p>[\/et_pb_blurb][\/et_pb_column][et_pb_column type=&#8220;1_3&#8243; _builder_version=&#8220;4.16&#8243; _module_preset=&#8220;default&#8220; global_colors_info=&#8220;{}&#8220;][et_pb_image src=&#8220;https:\/\/deine-ernaehrung.de\/ausbildung\/wp-content\/uploads\/2022\/02\/Tanita-Schneider.jpg&#8220; title_text=&#8220;Tanita-Schneider&#8220; _builder_version=&#8220;4.16&#8243; max_width=&#8220;100%&#8220; custom_margin=&#8220;0px||0px||false|false&#8220; custom_margin_tablet=&#8220;&#8220; custom_margin_phone=&#8220;&#8220; custom_margin_last_edited=&#8220;on|desktop&#8220; always_center_on_mobile=&#8220;off&#8220; global_colors_info=&#8220;{}&#8220;]<\/p>\n<p>&nbsp;<\/p>\n<p>[\/et_pb_image][et_pb_blurb title=&#8220;Tanita Schneider&#8220; _builder_version=&#8220;4.16&#8243; _module_preset=&#8220;d6787863-17bf-4695-b064-c46289b33277&#8243; body_font_size=&#8220;17px&#8220; global_colors_info=&#8220;{}&#8220;]<\/p>\n<p>Design und Branding<\/p>\n<p>[\/et_pb_blurb][\/et_pb_column][\/et_pb_row][\/et_pb_section]<\/p>\n<span class=\"et_bloom_bottom_trigger\"><\/span>","protected":false},"excerpt":{"rendered":"<p>Unser Team Wir sind ein ern\u00e4hrungsbegeistertes Team, das mit gro\u00dfem Engagement f\u00fcr unsere Ausbildungsteilnehmer da ist. Unser Ziel ist es, fundiertes Wissen zu vermitteln, das nachhaltig zu Gesundheit, Lebensfreude und einem bewussteren Lebensstil beitr\u00e4gt.&nbsp; Heilpraktikerin (psych.), Ern\u00e4hrungs-beraterin, Hippocrates Lifestyle Medicine Coach, Schulleitung&nbsp; Holistischer GesundheitsberaterQualit\u00e4tsmanagerSchulleitung&nbsp; Arzt, Hom\u00f6opathie, Ayurveda, Leitung Panchakrama KurRohkost- und Wildkr\u00e4uter-Vitalkost&nbsp; Heilpraktiker i.A., Ern\u00e4hrungs-berater, [&hellip;]<\/p>\n","protected":false},"author":1,"featured_media":0,"parent":0,"menu_order":0,"comment_status":"closed","ping_status":"closed","template":"","meta":{"_acf_changed":false,"_et_pb_use_builder":"on","_et_pb_old_content":"","_et_gb_content_width":"","footnotes":""},"class_list":["post-12883","page","type-page","status-publish","hentry"],"acf":[],"jetpack_sharing_enabled":true,"_links":{"self":[{"href":"https:\/\/deine-ernaehrung.de\/ausbildung\/wp-json\/wp\/v2\/pages\/12883","targetHints":{"allow":["GET"]}}],"collection":[{"href":"https:\/\/deine-ernaehrung.de\/ausbildung\/wp-json\/wp\/v2\/pages"}],"about":[{"href":"https:\/\/deine-ernaehrung.de\/ausbildung\/wp-json\/wp\/v2\/types\/page"}],"author":[{"embeddable":true,"href":"https:\/\/deine-ernaehrung.de\/ausbildung\/wp-json\/wp\/v2\/users\/1"}],"replies":[{"embeddable":true,"href":"https:\/\/deine-ernaehrung.de\/ausbildung\/wp-json\/wp\/v2\/comments?post=12883"}],"version-history":[{"count":10,"href":"https:\/\/deine-ernaehrung.de\/ausbildung\/wp-json\/wp\/v2\/pages\/12883\/revisions"}],"predecessor-version":[{"id":14665,"href":"https:\/\/deine-ernaehrung.de\/ausbildung\/wp-json\/wp\/v2\/pages\/12883\/revisions\/14665"}],"wp:attachment":[{"href":"https:\/\/deine-ernaehrung.de\/ausbildung\/wp-json\/wp\/v2\/media?parent=12883"}],"curies":[{"name":"wp","href":"https:\/\/api.w.org\/{rel}","templated":true}]}}